{"id":1450,"date":"2022-01-05T10:52:06","date_gmt":"2022-01-05T09:52:06","guid":{"rendered":"https:\/\/nathalie-aurand-sophrologue.fr\/?page_id=1450"},"modified":"2022-07-23T10:34:48","modified_gmt":"2022-07-23T08:34:48","slug":"mentions-legales","status":"publish","type":"page","link":"https:\/\/nathalie-aurand-sophrologue.fr\/?page_id=1450","title":{"rendered":"Mentions l\u00e9gales"},"content":{"rendered":"\t\t<div data-elementor-type=\"wp-page\" data-elementor-id=\"1450\" class=\"elementor elementor-1450\">\n\t\t\t\t\t\t<section class=\"elementor-section elementor-top-section elementor-element elementor-element-ae274f3 elementor-section-boxed elementor-section-height-default elementor-section-height-default\" data-id=\"ae274f3\" data-element_type=\"section\" data-e-type=\"section\" data-settings=\"{&quot;shape_divider_top&quot;:&quot;opacity-tilt&quot;,&quot;shape_divider_bottom&quot;:&quot;opacity-tilt&quot;}\">\n\t\t\t\t\t<div class=\"elementor-shape elementor-shape-top\" aria-hidden=\"true\" data-negative=\"false\">\n\t\t\t<svg xmlns=\"http:\/\/www.w3.org\/2000\/svg\" viewBox=\"0 0 2600 131.1\" preserveAspectRatio=\"none\">\n\t<path class=\"elementor-shape-fill\" d=\"M0 0L2600 0 2600 69.1 0 0z\"\/>\n\t<path class=\"elementor-shape-fill\" style=\"opacity:0.5\" d=\"M0 0L2600 0 2600 69.1 0 69.1z\"\/>\n\t<path class=\"elementor-shape-fill\" style=\"opacity:0.25\" d=\"M2600 0L0 0 0 130.1 2600 69.1z\"\/>\n<\/svg>\t\t<\/div>\n\t\t\t\t<div class=\"elementor-shape elementor-shape-bottom\" aria-hidden=\"true\" data-negative=\"false\">\n\t\t\t<svg xmlns=\"http:\/\/www.w3.org\/2000\/svg\" viewBox=\"0 0 2600 131.1\" preserveAspectRatio=\"none\">\n\t<path class=\"elementor-shape-fill\" d=\"M0 0L2600 0 2600 69.1 0 0z\"\/>\n\t<path class=\"elementor-shape-fill\" style=\"opacity:0.5\" d=\"M0 0L2600 0 2600 69.1 0 69.1z\"\/>\n\t<path class=\"elementor-shape-fill\" style=\"opacity:0.25\" d=\"M2600 0L0 0 0 130.1 2600 69.1z\"\/>\n<\/svg>\t\t<\/div>\n\t\t\t\t\t<div class=\"elementor-container elementor-column-gap-default\">\n\t\t\t\t\t<div class=\"elementor-column elementor-col-100 elementor-top-column elementor-element elementor-element-8c3148f\" data-id=\"8c3148f\" data-element_type=\"column\" data-e-type=\"column\">\n\t\t\t<div class=\"elementor-widget-wrap elementor-element-populated\">\n\t\t\t\t\t\t<div class=\"elementor-element elementor-element-0a29e90 elementor-widget elementor-widget-text-editor\" data-id=\"0a29e90\" data-element_type=\"widget\" data-e-type=\"widget\" data-widget_type=\"text-editor.default\">\n\t\t\t\t<div class=\"elementor-widget-container\">\n\t\t\t\t\t\t\t\t\t<p>\u00a0<\/p>\n<p><strong>Conform\u00e9ment aux dispositions des articles 6-III et 19 de la Loi n\u00b0 2004-575 du 21 juin 2004 pour la Confiance dans l&rsquo;Economie Num\u00e9rique, dite L.C.E.N., nous portons \u00e0 la connaissance des utilisateurs et visiteurs du site <a href=\"https:\/\/nathalie-aurand-sophrologue.fr\">https:\/\/nathalie-aurand-sophrologue.fr<\/a> les mentions l\u00e9gales suivantes ;<\/strong><\/p>\t\t\t\t\t\t\t\t<\/div>\n\t\t\t\t<\/div>\n\t\t\t\t\t<\/div>\n\t\t<\/div>\n\t\t\t\t\t<\/div>\n\t\t<\/section>\n\t\t\t\t<section class=\"elementor-section elementor-top-section elementor-element elementor-element-7052e85 elementor-section-boxed elementor-section-height-default elementor-section-height-default elementor-invisible\" data-id=\"7052e85\" data-element_type=\"section\" data-e-type=\"section\" data-settings=\"{&quot;animation&quot;:&quot;fadeIn&quot;}\">\n\t\t\t\t\t\t<div class=\"elementor-container elementor-column-gap-default\">\n\t\t\t\t\t<div class=\"elementor-column elementor-col-100 elementor-top-column elementor-element elementor-element-bc6fdec\" data-id=\"bc6fdec\" data-element_type=\"column\" data-e-type=\"column\">\n\t\t\t<div class=\"elementor-widget-wrap elementor-element-populated\">\n\t\t\t\t\t\t<div class=\"elementor-element elementor-element-af8dc8b elementor-widget elementor-widget-text-editor\" data-id=\"af8dc8b\" data-element_type=\"widget\" data-e-type=\"widget\" data-widget_type=\"text-editor.default\">\n\t\t\t\t<div class=\"elementor-widget-container\">\n\t\t\t\t\t\t\t\t\t<h2><span style=\"text-decoration: underline;\"><em><strong>Mentions l\u00e9gales :<\/strong><\/em><\/span><\/h2>\t\t\t\t\t\t\t\t<\/div>\n\t\t\t\t<\/div>\n\t\t\t\t\t<\/div>\n\t\t<\/div>\n\t\t\t\t\t<\/div>\n\t\t<\/section>\n\t\t\t\t<section class=\"elementor-section elementor-top-section elementor-element elementor-element-624b53b8 elementor-section-boxed elementor-section-height-default elementor-section-height-default\" data-id=\"624b53b8\" data-element_type=\"section\" data-e-type=\"section\" data-settings=\"{&quot;shape_divider_top&quot;:&quot;opacity-tilt&quot;,&quot;shape_divider_bottom&quot;:&quot;opacity-tilt&quot;}\">\n\t\t\t\t\t<div class=\"elementor-shape elementor-shape-top\" aria-hidden=\"true\" data-negative=\"false\">\n\t\t\t<svg xmlns=\"http:\/\/www.w3.org\/2000\/svg\" viewBox=\"0 0 2600 131.1\" preserveAspectRatio=\"none\">\n\t<path class=\"elementor-shape-fill\" d=\"M0 0L2600 0 2600 69.1 0 0z\"\/>\n\t<path class=\"elementor-shape-fill\" style=\"opacity:0.5\" d=\"M0 0L2600 0 2600 69.1 0 69.1z\"\/>\n\t<path class=\"elementor-shape-fill\" style=\"opacity:0.25\" d=\"M2600 0L0 0 0 130.1 2600 69.1z\"\/>\n<\/svg>\t\t<\/div>\n\t\t\t\t<div class=\"elementor-shape elementor-shape-bottom\" aria-hidden=\"true\" data-negative=\"false\">\n\t\t\t<svg xmlns=\"http:\/\/www.w3.org\/2000\/svg\" viewBox=\"0 0 2600 131.1\" preserveAspectRatio=\"none\">\n\t<path class=\"elementor-shape-fill\" d=\"M0 0L2600 0 2600 69.1 0 0z\"\/>\n\t<path class=\"elementor-shape-fill\" style=\"opacity:0.5\" d=\"M0 0L2600 0 2600 69.1 0 69.1z\"\/>\n\t<path class=\"elementor-shape-fill\" style=\"opacity:0.25\" d=\"M2600 0L0 0 0 130.1 2600 69.1z\"\/>\n<\/svg>\t\t<\/div>\n\t\t\t\t\t<div class=\"elementor-container elementor-column-gap-default\">\n\t\t\t\t\t<div class=\"elementor-column elementor-col-100 elementor-top-column elementor-element elementor-element-322b2016\" data-id=\"322b2016\" data-element_type=\"column\" data-e-type=\"column\">\n\t\t\t<div class=\"elementor-widget-wrap elementor-element-populated\">\n\t\t\t\t\t\t<div class=\"elementor-element elementor-element-109fae02 elementor-widget__width-inherit elementor-widget elementor-widget-text-editor\" data-id=\"109fae02\" data-element_type=\"widget\" data-e-type=\"widget\" data-widget_type=\"text-editor.default\">\n\t\t\t\t<div class=\"elementor-widget-container\">\n\t\t\t\t\t\t\t\t\t<p><\/p>\n<h2 class=\"wp-block-heading\"><span style=\"text-decoration: underline;\">L\u2019adresse du site :<\/span><\/h2>\n<p><\/p>\n<p class=\"has-text-align-center\">\u00a0https:\/\/nathalie-aurand-sophrologue.fr<\/p>\n<p><\/p>\n<h2 class=\"wp-block-heading\"><span style=\"text-decoration: underline;\">Si\u00e8ge social :<\/span><\/h2>\n<p><\/p>\n<p class=\"has-text-align-center\">Raison sociale : Nathalie Aurand\u00a0<\/p>\n<p><\/p>\n<p class=\"has-text-align-center\">Adresse : 2\u00a0<a href=\"https:\/\/www.google.fr\/maps\/@45.0578949,3.9812373,157m\/data=!3m1!1e3\">Rue Vallon du suc 43700 Blavozy<\/a><\/p>\n<p><\/p>\n<p class=\"has-text-align-center\">Repr\u00e9sentant l\u00e9gal\u00a0: Nathalie Aurand<\/p>\n<p><\/p>\n<p class=\"has-text-align-center\">T\u00e9l. : 07 49 41 62 32<\/p>\n<p><\/p>\n<p class=\"has-text-align-center\">E-Mail : aurand.d.vous.sophro@gmail.com<\/p>\n<p><\/p>\n<p class=\"has-text-align-center\">Siret : 910 773 225 00024<\/p>\n<p><\/p>\n<p class=\"has-text-align-center\">Code APE ou NAF : 9609Z<\/p>\n<p><\/p>\n<h2><span style=\"text-decoration: underline;\">H\u00e9bergeur :<\/span><\/h2>\n<p class=\"has-text-align-center\"><\/p>\n<p class=\"has-text-align-center\">IONOS &#8211;\u00a07 PL DE LA GARE &#8211;\u00a057200 SARREGUEMINES<\/p>\n<p><\/p>\n<h2 class=\"wp-block-heading\"><span style=\"text-decoration: underline;\">Photos :<\/span><\/h2>\n<p><\/p>\n<p class=\"has-text-align-center\"><a href=\"https:\/\/pixabay.com\/fr\/\">Pixabay<\/a> &#8211; <a href=\"https:\/\/www.pexels.com\/fr-fr\/\">Pexels<\/a><\/p>\n<p><\/p>\n<h2 class=\"wp-block-heading\"><span style=\"text-decoration: underline;\">Contenu embarqu\u00e9 depuis d\u2019autres sites :<\/span><\/h2>\n<p><\/p>\n<p class=\"has-text-align-center\">Les articles de ce site peuvent inclure des contenus int\u00e9gr\u00e9s (par exemple des vid\u00e9os, images, articles\u2026).<\/p>\n<p class=\"has-text-align-center\">Le contenu int\u00e9gr\u00e9 depuis d\u2019autres sites se comporte de la m\u00eame mani\u00e8re que si le visiteur se rendait sur cet autre site.<\/p>\n<p><\/p>\t\t\t\t\t\t\t\t<\/div>\n\t\t\t\t<\/div>\n\t\t\t\t\t<\/div>\n\t\t<\/div>\n\t\t\t\t\t<\/div>\n\t\t<\/section>\n\t\t\t\t<\/div>\n\t\t","protected":false},"excerpt":{"rendered":"<p>\u00a0 Conform\u00e9ment aux dispositions des articles 6-III et 19 de la Loi n\u00b0 2004-575 du 21 juin 2004 pour la Confiance dans l&rsquo;Economie Num\u00e9rique, dite L.C.E.N., nous portons \u00e0 la connaissance des utilisateurs et visiteurs du site https:\/\/nathalie-aurand-sophrologue.fr les mentions l\u00e9gales suivantes ; Mentions l\u00e9gales : L\u2019adresse du site : \u00a0https:\/\/nathalie-aurand-sophrologue.fr Si\u00e8ge social : Raison [&hellip;]<\/p>\n","protected":false},"author":2,"featured_media":0,"parent":0,"menu_order":0,"comment_status":"closed","ping_status":"closed","template":"","meta":{"site-sidebar-layout":"default","site-content-layout":"","ast-site-content-layout":"default","site-content-style":"default","site-sidebar-style":"default","ast-global-header-display":"","ast-banner-title-visibility":"","ast-main-header-display":"","ast-hfb-above-header-display":"","ast-hfb-below-header-display":"","ast-hfb-mobile-header-display":"","site-post-title":"","ast-breadcrumbs-content":"","ast-featured-img":"","footer-sml-layout":"","ast-disable-related-posts":"","theme-transparent-header-meta":"","adv-header-id-meta":"","stick-header-meta":"","header-above-stick-meta":"","header-main-stick-meta":"","header-below-stick-meta":"","astra-migrate-meta-layouts":"default","ast-page-background-enabled":"default","ast-page-background-meta":{"desktop":{"background-color":"var(--ast-global-color-4)","background-image":"","background-repeat":"repeat","background-position":"center center","background-size":"auto","background-attachment":"scroll","background-type":"","background-media":"","overlay-type":"","overlay-color":"","overlay-opacity":"","overlay-gradient":""},"tablet":{"background-color":"","background-image":"","background-repeat":"repeat","background-position":"center center","background-size":"auto","background-attachment":"scroll","background-type":"","background-media":"","overlay-type":"","overlay-color":"","overlay-opacity":"","overlay-gradient":""},"mobile":{"background-color":"","background-image":"","background-repeat":"repeat","background-position":"center center","background-size":"auto","background-attachment":"scroll","background-type":"","background-media":"","overlay-type":"","overlay-color":"","overlay-opacity":"","overlay-gradient":""}},"ast-content-background-meta":{"desktop":{"background-color":"var(--ast-global-color-5)","background-image":"","background-repeat":"repeat","background-position":"center center","background-size":"auto","background-attachment":"scroll","background-type":"","background-media":"","overlay-type":"","overlay-color":"","overlay-opacity":"","overlay-gradient":""},"tablet":{"background-color":"var(--ast-global-color-5)","background-image":"","background-repeat":"repeat","background-position":"center center","background-size":"auto","background-attachment":"scroll","background-type":"","background-media":"","overlay-type":"","overlay-color":"","overlay-opacity":"","overlay-gradient":""},"mobile":{"background-color":"var(--ast-global-color-5)","background-image":"","background-repeat":"repeat","background-position":"center center","background-size":"auto","background-attachment":"scroll","background-type":"","background-media":"","overlay-type":"","overlay-color":"","overlay-opacity":"","overlay-gradient":""}},"footnotes":""},"class_list":["post-1450","page","type-page","status-publish","hentry"],"yoast_head":"<!-- This site is optimized with the Yoast SEO plugin v27.4 - https:\/\/yoast.com\/product\/yoast-seo-wordpress\/ -->\n<title>Mentions l\u00e9gales - Jules Renard :<\/title>\n<meta name=\"description\" content=\"Les mentions l\u00e9gales pr\u00e9cisent l&#039;adresse du site, le lieu du si\u00e8ge social et sur le contenu embarqu\u00e9 depuis d&#039;autres sites,\" \/>\n<meta name=\"robots\" content=\"index, follow, max-snippet:-1, max-image-preview:large, max-video-preview:-1\" \/>\n<link rel=\"canonical\" href=\"https:\/\/nathalie-aurand-sophrologue.fr\/?page_id=1450\" \/>\n<meta property=\"og:locale\" content=\"fr_FR\" \/>\n<meta property=\"og:type\" content=\"article\" \/>\n<meta property=\"og:title\" content=\"Mentions l\u00e9gales - Jules Renard :\" \/>\n<meta property=\"og:description\" content=\"Les mentions l\u00e9gales pr\u00e9cisent l&#039;adresse du site, le lieu du si\u00e8ge social et sur le contenu embarqu\u00e9 depuis d&#039;autres sites,\" \/>\n<meta property=\"og:url\" content=\"https:\/\/nathalie-aurand-sophrologue.fr\/?page_id=1450\" \/>\n<meta property=\"og:site_name\" content=\"Jules Renard :\" \/>\n<meta property=\"article:modified_time\" content=\"2022-07-23T08:34:48+00:00\" \/>\n<meta name=\"twitter:card\" content=\"summary_large_image\" \/>\n<meta name=\"twitter:label1\" content=\"Dur\u00e9e de lecture estim\u00e9e\" \/>\n\t<meta name=\"twitter:data1\" content=\"1 minute\" \/>\n<script type=\"application\/ld+json\" class=\"yoast-schema-graph\">{\"@context\":\"https:\\\/\\\/schema.org\",\"@graph\":[{\"@type\":\"WebPage\",\"@id\":\"https:\\\/\\\/nathalie-aurand-sophrologue.fr\\\/?page_id=1450\",\"url\":\"https:\\\/\\\/nathalie-aurand-sophrologue.fr\\\/?page_id=1450\",\"name\":\"Mentions l\u00e9gales - Jules Renard :\",\"isPartOf\":{\"@id\":\"https:\\\/\\\/nathalie-aurand-sophrologue.fr\\\/#website\"},\"datePublished\":\"2022-01-05T09:52:06+00:00\",\"dateModified\":\"2022-07-23T08:34:48+00:00\",\"description\":\"Les mentions l\u00e9gales pr\u00e9cisent l'adresse du site, le lieu du si\u00e8ge social et sur le contenu embarqu\u00e9 depuis d'autres sites,\",\"breadcrumb\":{\"@id\":\"https:\\\/\\\/nathalie-aurand-sophrologue.fr\\\/?page_id=1450#breadcrumb\"},\"inLanguage\":\"fr-FR\",\"potentialAction\":[{\"@type\":\"ReadAction\",\"target\":[\"https:\\\/\\\/nathalie-aurand-sophrologue.fr\\\/?page_id=1450\"]}]},{\"@type\":\"BreadcrumbList\",\"@id\":\"https:\\\/\\\/nathalie-aurand-sophrologue.fr\\\/?page_id=1450#breadcrumb\",\"itemListElement\":[{\"@type\":\"ListItem\",\"position\":1,\"name\":\"Accueil\",\"item\":\"https:\\\/\\\/nathalie-aurand-sophrologue.fr\\\/\"},{\"@type\":\"ListItem\",\"position\":2,\"name\":\"Mentions l\u00e9gales\"}]},{\"@type\":\"WebSite\",\"@id\":\"https:\\\/\\\/nathalie-aurand-sophrologue.fr\\\/#website\",\"url\":\"https:\\\/\\\/nathalie-aurand-sophrologue.fr\\\/\",\"name\":\"Jules Renard :\",\"description\":\"&quot;Papillon. Ce billet doux pli\u00e9 cherche une adresse de fleur&quot;. \",\"publisher\":{\"@id\":\"https:\\\/\\\/nathalie-aurand-sophrologue.fr\\\/#organization\"},\"potentialAction\":[{\"@type\":\"SearchAction\",\"target\":{\"@type\":\"EntryPoint\",\"urlTemplate\":\"https:\\\/\\\/nathalie-aurand-sophrologue.fr\\\/?s={search_term_string}\"},\"query-input\":{\"@type\":\"PropertyValueSpecification\",\"valueRequired\":true,\"valueName\":\"search_term_string\"}}],\"inLanguage\":\"fr-FR\"},{\"@type\":\"Organization\",\"@id\":\"https:\\\/\\\/nathalie-aurand-sophrologue.fr\\\/#organization\",\"name\":\"Jules Renard :\",\"url\":\"https:\\\/\\\/nathalie-aurand-sophrologue.fr\\\/\",\"logo\":{\"@type\":\"ImageObject\",\"inLanguage\":\"fr-FR\",\"@id\":\"https:\\\/\\\/nathalie-aurand-sophrologue.fr\\\/#\\\/schema\\\/logo\\\/image\\\/\",\"url\":\"https:\\\/\\\/nathalie-aurand-sophrologue.fr\\\/wp-content\\\/uploads\\\/2021\\\/12\\\/cropped-entete-bl-2-scaled.png\",\"contentUrl\":\"https:\\\/\\\/nathalie-aurand-sophrologue.fr\\\/wp-content\\\/uploads\\\/2021\\\/12\\\/cropped-entete-bl-2-scaled.png\",\"width\":2560,\"height\":1782,\"caption\":\"Jules Renard :\"},\"image\":{\"@id\":\"https:\\\/\\\/nathalie-aurand-sophrologue.fr\\\/#\\\/schema\\\/logo\\\/image\\\/\"}}]}<\/script>\n<!-- \/ Yoast SEO plugin. -->","yoast_head_json":{"title":"Mentions l\u00e9gales - Jules Renard :","description":"Les mentions l\u00e9gales pr\u00e9cisent l'adresse du site, le lieu du si\u00e8ge social et sur le contenu embarqu\u00e9 depuis d'autres sites,","robots":{"index":"index","follow":"follow","max-snippet":"max-snippet:-1","max-image-preview":"max-image-preview:large","max-video-preview":"max-video-preview:-1"},"canonical":"https:\/\/nathalie-aurand-sophrologue.fr\/?page_id=1450","og_locale":"fr_FR","og_type":"article","og_title":"Mentions l\u00e9gales - Jules Renard :","og_description":"Les mentions l\u00e9gales pr\u00e9cisent l'adresse du site, le lieu du si\u00e8ge social et sur le contenu embarqu\u00e9 depuis d'autres sites,","og_url":"https:\/\/nathalie-aurand-sophrologue.fr\/?page_id=1450","og_site_name":"Jules Renard :","article_modified_time":"2022-07-23T08:34:48+00:00","twitter_card":"summary_large_image","twitter_misc":{"Dur\u00e9e de lecture estim\u00e9e":"1 minute"},"schema":{"@context":"https:\/\/schema.org","@graph":[{"@type":"WebPage","@id":"https:\/\/nathalie-aurand-sophrologue.fr\/?page_id=1450","url":"https:\/\/nathalie-aurand-sophrologue.fr\/?page_id=1450","name":"Mentions l\u00e9gales - Jules Renard :","isPartOf":{"@id":"https:\/\/nathalie-aurand-sophrologue.fr\/#website"},"datePublished":"2022-01-05T09:52:06+00:00","dateModified":"2022-07-23T08:34:48+00:00","description":"Les mentions l\u00e9gales pr\u00e9cisent l'adresse du site, le lieu du si\u00e8ge social et sur le contenu embarqu\u00e9 depuis d'autres sites,","breadcrumb":{"@id":"https:\/\/nathalie-aurand-sophrologue.fr\/?page_id=1450#breadcrumb"},"inLanguage":"fr-FR","potentialAction":[{"@type":"ReadAction","target":["https:\/\/nathalie-aurand-sophrologue.fr\/?page_id=1450"]}]},{"@type":"BreadcrumbList","@id":"https:\/\/nathalie-aurand-sophrologue.fr\/?page_id=1450#breadcrumb","itemListElement":[{"@type":"ListItem","position":1,"name":"Accueil","item":"https:\/\/nathalie-aurand-sophrologue.fr\/"},{"@type":"ListItem","position":2,"name":"Mentions l\u00e9gales"}]},{"@type":"WebSite","@id":"https:\/\/nathalie-aurand-sophrologue.fr\/#website","url":"https:\/\/nathalie-aurand-sophrologue.fr\/","name":"Jules Renard :","description":"&quot;Papillon. Ce billet doux pli\u00e9 cherche une adresse de fleur&quot;. ","publisher":{"@id":"https:\/\/nathalie-aurand-sophrologue.fr\/#organization"},"potentialAction":[{"@type":"SearchAction","target":{"@type":"EntryPoint","urlTemplate":"https:\/\/nathalie-aurand-sophrologue.fr\/?s={search_term_string}"},"query-input":{"@type":"PropertyValueSpecification","valueRequired":true,"valueName":"search_term_string"}}],"inLanguage":"fr-FR"},{"@type":"Organization","@id":"https:\/\/nathalie-aurand-sophrologue.fr\/#organization","name":"Jules Renard :","url":"https:\/\/nathalie-aurand-sophrologue.fr\/","logo":{"@type":"ImageObject","inLanguage":"fr-FR","@id":"https:\/\/nathalie-aurand-sophrologue.fr\/#\/schema\/logo\/image\/","url":"https:\/\/nathalie-aurand-sophrologue.fr\/wp-content\/uploads\/2021\/12\/cropped-entete-bl-2-scaled.png","contentUrl":"https:\/\/nathalie-aurand-sophrologue.fr\/wp-content\/uploads\/2021\/12\/cropped-entete-bl-2-scaled.png","width":2560,"height":1782,"caption":"Jules Renard :"},"image":{"@id":"https:\/\/nathalie-aurand-sophrologue.fr\/#\/schema\/logo\/image\/"}}]}},"_links":{"self":[{"href":"https:\/\/nathalie-aurand-sophrologue.fr\/index.php?rest_route=\/wp\/v2\/pages\/1450","targetHints":{"allow":["GET"]}}],"collection":[{"href":"https:\/\/nathalie-aurand-sophrologue.fr\/index.php?rest_route=\/wp\/v2\/pages"}],"about":[{"href":"https:\/\/nathalie-aurand-sophrologue.fr\/index.php?rest_route=\/wp\/v2\/types\/page"}],"author":[{"embeddable":true,"href":"https:\/\/nathalie-aurand-sophrologue.fr\/index.php?rest_route=\/wp\/v2\/users\/2"}],"replies":[{"embeddable":true,"href":"https:\/\/nathalie-aurand-sophrologue.fr\/index.php?rest_route=%2Fwp%2Fv2%2Fcomments&post=1450"}],"version-history":[{"count":5,"href":"https:\/\/nathalie-aurand-sophrologue.fr\/index.php?rest_route=\/wp\/v2\/pages\/1450\/revisions"}],"predecessor-version":[{"id":4237,"href":"https:\/\/nathalie-aurand-sophrologue.fr\/index.php?rest_route=\/wp\/v2\/pages\/1450\/revisions\/4237"}],"wp:attachment":[{"href":"https:\/\/nathalie-aurand-sophrologue.fr\/index.php?rest_route=%2Fwp%2Fv2%2Fmedia&parent=1450"}],"curies":[{"name":"wp","href":"https:\/\/api.w.org\/{rel}","templated":true}]}}